    {"id":7579,"date":"2014-12-12T10:22:54","date_gmt":"2014-12-12T10:22:54","guid":{"rendered":"https:\/\/www.riberosat.es\/politica-de-cookies\/"},"modified":"2021-06-02T09:22:43","modified_gmt":"2021-06-02T09:22:43","slug":"politica-de-cookies","status":"publish","type":"page","link":"https:\/\/www.riberosat.es\/pt-pt\/politica-de-cookies\/","title":{"rendered":"Pol\u00edtica de cookies"},"content":{"rendered":"<div class=\"fusion-fullwidth fullwidth-box fusion-builder-row-1 fusion-flex-container nonhundred-percent-fullwidth non-hundred-percent-height-scrolling\" style=\"background-color: rgba(255,255,255,0);background-position: center center;background-repeat: no-repeat;border-width: 0px 0px 0px 0px;border-color:#e2e2e2;border-style:solid;\" ><div class=\"fusion-builder-row fusion-row fusion-flex-align-items-flex-start\" style=\"max-width:1248px;margin-left: calc(-4% \/ 2 );margin-right: calc(-4% \/ 2 );\"><div class=\"fusion-layout-column fusion_builder_column fusion-builder-column-0 fusion_builder_column_1_1 1_1 fusion-flex-column\"><div class=\"fusion-column-wrapper fusion-flex-justify-content-flex-start fusion-content-layout-column\" style=\"background-position:left top;background-repeat:no-repeat;-webkit-background-size:cover;-moz-background-size:cover;-o-background-size:cover;background-size:cover;padding: 0px 0px 0px 0px;\"><div class=\"fusion-text fusion-text-1\" style=\"transform:translate3d(0,0,0);\"><div class=\"fusion-builder-row fusion-row fusion-flex-align-items-flex-start\" style=\"max-width:1248px;margin-left: calc(-4% \/ 2 );margin-right: calc(-4% \/ 2 );\">\n<div class=\"fusion-layout-column fusion_builder_column fusion-builder-column-0 fusion_builder_column_1_1 1_1 fusion-flex-column\">\n<div class=\"fusion-column-wrapper fusion-flex-justify-content-flex-start fusion-content-layout-column\" style=\"background-position: left top; background-repeat: no-repeat; background-size: cover; padding: 0px; min-height: 0px;\">\n<div class=\"fusion-text fusion-text-1\" style=\"transform:translate3d(0,0,0);\">\n<p><strong><font style=\"vertical-align: inherit;\"><font style=\"vertical-align: inherit;\">USO DE COOKIES E SEU CONSENTIMENTO:<\/font><\/font><\/strong>&nbsp;<\/p>\n<p><font style=\"vertical-align: inherit;\"><font style=\"vertical-align: inherit;\">\u2022 RIBERO SAT pode coletar informa\u00e7\u00f5es sobre os h\u00e1bitos de pesquisa dos usu\u00e1rios da Web por meio de cookies ou arquivos de log. <\/font><font style=\"vertical-align: inherit;\">Os cookies n\u00e3o ser\u00e3o usados &#038;ZeroWidthSpace;&#038;ZeroWidthSpace;para coletar informa\u00e7\u00f5es pessoais. <\/font><\/font><br \/><font style=\"vertical-align: inherit;\"><font style=\"vertical-align: inherit;\"><br \/>\n\u2022 S\u00f3 ser\u00e3o instalados se o Usu\u00e1rio permanecer e continuar navegando em nosso site, entendendo que aceita seu uso e instala\u00e7\u00e3o. <\/font><font style=\"vertical-align: inherit;\">Abaixo, fornecemos informa\u00e7\u00f5es detalhadas sobre o que s\u00e3o \u00abcookies\u00bb, o tipo usado por este site, como voc\u00ea pode desativ\u00e1-los no navegador e como bloquear especificamente a instala\u00e7\u00e3o de cookies de terceiros.<\/font><\/font><br \/><font style=\"vertical-align: inherit;\"><font style=\"vertical-align: inherit;\"><br \/>\n\u2022 Cookies s\u00e3o pequenos arquivos de texto gerados pelas p\u00e1ginas da web que voc\u00ea visita, que cont\u00eam dados de sess\u00e3o que podem ser \u00fateis posteriormente na p\u00e1gina da web. <\/font><font style=\"vertical-align: inherit;\">Os dados permitem que o site guarde suas informa\u00e7\u00f5es entre as p\u00e1ginas e tamb\u00e9m analise como voc\u00ea interage com o site. <\/font><\/font><br \/><font style=\"vertical-align: inherit;\"><font style=\"vertical-align: inherit;\"><br \/>\n\u2022 Os cookies s\u00e3o seguros porque s\u00f3 podem armazenar as informa\u00e7\u00f5es que foram implementadas pelo navegador, que s\u00e3o informa\u00e7\u00f5es que o usu\u00e1rio inseriu no navegador ou que est\u00e3o inclu\u00eddas na solicita\u00e7\u00e3o da p\u00e1gina. <\/font><font style=\"vertical-align: inherit;\">Eles n\u00e3o podem executar c\u00f3digos e n\u00e3o podem ser usados &#038;ZeroWidthSpace;&#038;ZeroWidthSpace;para acessar seu computador.<\/font><\/font><br \/><font style=\"vertical-align: inherit;\"><font style=\"vertical-align: inherit;\"><br \/>\n\u2022 Os cookies s\u00e3o essenciais para o funcionamento da Internet, visto que oferecem in\u00fameras vantagens na presta\u00e7\u00e3o de servi\u00e7os interactivos, facilitando a navega\u00e7\u00e3o e a usabilidade da web. <\/font><font style=\"vertical-align: inherit;\">Os cookies n\u00e3o podem danificar o seu computador e, sendo ativados, ajudam a identificar e resolver erros. <\/font><\/font><br \/><font style=\"vertical-align: inherit;\"><font style=\"vertical-align: inherit;\"><br \/>\n\u2022 A seguir, RIBERO SAT fornece mais informa\u00e7\u00f5es para que os diferentes tipos de cookies que podem ser utilizados sejam melhor compreendidos:<\/font><\/font><\/p>\n<p><font style=\"vertical-align: inherit;\"><font style=\"vertical-align: inherit;\">&#8211; Cookies de sess\u00e3o: s\u00e3o cookies tempor\u00e1rios que permanecem no arquivo de cookies do navegador at\u00e9 que o site seja abandonado, de forma que nenhum seja gravado no disco r\u00edgido do usu\u00e1rio. <\/font><font style=\"vertical-align: inherit;\">As informa\u00e7\u00f5es obtidas por meio desses cookies s\u00e3o utilizadas para analisar os padr\u00f5es de tr\u00e1fego na web. <\/font><font style=\"vertical-align: inherit;\">No longo prazo, isso proporciona uma melhor experi\u00eancia para aprimorar o conte\u00fado e facilitar seu uso. <\/font><font style=\"vertical-align: inherit;\">A seguir, publicamos uma lista dos principais cookies existentes, distinguindo:<\/font><\/font><\/p>\n<p><font style=\"vertical-align: inherit;\"><font style=\"vertical-align: inherit;\">&#8211; Cookies estritamente necess\u00e1rios, como os utilizados para uma navega\u00e7\u00e3o correta ou os cookies utilizados para garantir que o conte\u00fado do site \u00e9 carregado de forma eficaz. <\/font><\/font><br \/><font style=\"vertical-align: inherit;\"><font style=\"vertical-align: inherit;\"><br \/>\n&#8211; Cookies de terceiros, como os usados &#038;ZeroWidthSpace;&#038;ZeroWidthSpace;por redes sociais ou suplementos de conte\u00fado externo. <\/font><\/font><br \/><font style=\"vertical-align: inherit;\"><font style=\"vertical-align: inherit;\"><br \/>\n&#8211; Cookies anal\u00edticos para fins de manuten\u00e7\u00e3o peri\u00f3dica e, de forma a garantir o melhor servi\u00e7o poss\u00edvel ao utilizador, com os quais os sites recolhem dados estat\u00edsticos sobre a actividade.<\/font><\/font><\/p>\n<p><font style=\"vertical-align: inherit;\"><font style=\"vertical-align: inherit;\">\u2022 Todos os navegadores da Internet permitem que voc\u00ea limite o comportamento de um cookie ou desative os cookies nas configura\u00e7\u00f5es ou op\u00e7\u00f5es do navegador. <\/font><font style=\"vertical-align: inherit;\">As etapas para fazer isso s\u00e3o diferentes para cada navegador e voc\u00ea pode encontrar instru\u00e7\u00f5es no menu de ajuda de seu navegador. <\/font><font style=\"vertical-align: inherit;\">Muitos navegadores permitem que voc\u00ea ative um modo privado por meio do qual os cookies s\u00e3o sempre exclu\u00eddos ap\u00f3s a visita. <\/font><font style=\"vertical-align: inherit;\">Dependendo do navegador, este modo privado pode ter nomes diferentes. <\/font><font style=\"vertical-align: inherit;\">Abaixo voc\u00ea pode encontrar uma lista dos navegadores mais comuns com um link para as configura\u00e7\u00f5es de cookies e os diferentes nomes para este \u00abmodo privado\u00bb: Internet Explorer 8 e superior; <\/font><font style=\"vertical-align: inherit;\">InPrivate <\/font><\/font><br \/><font style=\"vertical-align: inherit;\"><font style=\"vertical-align: inherit;\"><br \/>\nhttp:\/\/windows.microsoft.com\/es-es\/windows-vista\/block-or-allow-cookies Safari 2 e superior; <\/font><font style=\"vertical-align: inherit;\">Navega\u00e7\u00e3o privada<\/font><\/font><br \/><font style=\"vertical-align: inherit;\"><font style=\"vertical-align: inherit;\"><br \/>\nhttp:\/\/support.apple.com\/kb\/ht1677?viewlocale=es_en&amp;locale=es_en Opera 10.5 e superior; <\/font><font style=\"vertical-align: inherit;\">Navega\u00e7\u00e3o privada <\/font><\/font><br \/><font style=\"vertical-align: inherit;\"><font style=\"vertical-align: inherit;\"><br \/>\nhttp:\/\/help.opera.com\/Windows\/11.50\/es-ES\/cookies.html FireFox 3.5 e superior; <\/font><font style=\"vertical-align: inherit;\">Navega\u00e7\u00e3o privada <\/font><\/font><br \/><font style=\"vertical-align: inherit;\"><font style=\"vertical-align: inherit;\"><br \/>\nhttp:\/\/support.mozilla.org\/es\/kb\/habilitar-y-deshabilitar-cookies-que-los-sitios-we Google Chrome 10 e superior; <\/font><font style=\"vertical-align: inherit;\">Incognito <\/font><\/font><br \/><font style=\"vertical-align: inherit;\"><font style=\"vertical-align: inherit;\"><br \/>\nhttps:\/\/support.google.com\/chrome\/answer\/95647?hl=pt<\/font><\/font><\/p>\n<\/div>\n<\/div>\n<\/div>\n<style type=\"text\/css\">.fusion-body .fusion-builder-column-0{width:100% !important;margin-top : 0px;margin-bottom : 0px;}.fusion-builder-column-0 > .fusion-column-wrapper {padding-top : 0px !important;padding-right : 0px !important;margin-right : 1.92%;padding-bottom : 0px !important;padding-left : 0px !important;margin-left : 1.92%;}@media only screen and (max-width:1024px) {.fusion-body .fusion-builder-column-0{width:100% !important;}.fusion-builder-column-0 > .fusion-column-wrapper {margin-right : 1.92%;margin-left : 1.92%;}}@media only screen and (max-width:640px) {.fusion-body .fusion-builder-column-0{width:100% !important;}.fusion-builder-column-0 > .fusion-column-wrapper {margin-right : 1.92%;margin-left : 1.92%;}}<\/style>\n<\/div>\n<\/div><\/div><\/div><style type=\"text\/css\">.fusion-body .fusion-builder-column-0{width:100% !important;margin-top : 0px;margin-bottom : 0px;}.fusion-builder-column-0 > .fusion-column-wrapper {padding-top : 0px !important;padding-right : 0px !important;margin-right : 1.92%;padding-bottom : 0px !important;padding-left : 0px !important;margin-left : 1.92%;}@media only screen and (max-width:1024px) {.fusion-body .fusion-builder-column-0{width:100% !important;}.fusion-builder-column-0 > .fusion-column-wrapper {margin-right : 1.92%;margin-left : 1.92%;}}@media only screen and (max-width:640px) {.fusion-body .fusion-builder-column-0{width:100% !important;}.fusion-builder-column-0 > .fusion-column-wrapper {margin-right : 1.92%;margin-left : 1.92%;}}<\/style><\/div><style type=\"text\/css\">.fusion-body .fusion-flex-container.fusion-builder-row-1{ padding-top : 0px;margin-top : 0px;padding-right : 0px;padding-bottom : 0px;margin-bottom : 0px;padding-left : 0px;}<\/style><\/div>\n","protected":false},"excerpt":{"rendered":"","protected":false},"author":1,"featured_media":0,"parent":0,"menu_order":0,"comment_status":"closed","ping_status":"closed","template":"","meta":{"ngg_post_thumbnail":0,"footnotes":""},"yoast_head":"<!-- This site is optimized with the Yoast SEO plugin v20.7 - https:\/\/yoast.com\/wordpress\/plugins\/seo\/ -->\n<title>Pol\u00edtica de cookies - Ribero Productor Agr\u00edcola<\/title>\n<meta name=\"robots\" content=\"index, follow, max-snippet:-1, max-image-preview:large, max-video-preview:-1\" \/>\n<link rel=\"canonical\" href=\"https:\/\/www.riberosat.es\/politica-de-cookies\/\" \/>\n<meta property=\"og:locale\" content=\"es_ES\" \/>\n<meta property=\"og:type\" content=\"article\" \/>\n<meta property=\"og:title\" content=\"Pol\u00edtica de cookies - Ribero Productor Agr\u00edcola\" \/>\n<meta property=\"og:url\" content=\"https:\/\/www.riberosat.es\/politica-de-cookies\/\" \/>\n<meta property=\"og:site_name\" content=\"Ribero Productor Agr\u00edcola\" \/>\n<meta property=\"article:publisher\" content=\"https:\/\/www.facebook.com\/RIBEROPRODUCTORAGRICOLA\" \/>\n<meta property=\"article:modified_time\" content=\"2021-06-02T09:22:43+00:00\" \/>\n<meta name=\"twitter:card\" content=\"summary_large_image\" \/>\n<meta name=\"twitter:site\" content=\"@Ribero_SAT\" \/>\n<meta name=\"twitter:label1\" content=\"Tiempo de lectura\" \/>\n\t<meta name=\"twitter:data1\" content=\"4 minutos\" \/>\n<script type=\"application\/ld+json\" class=\"yoast-schema-graph\">{\"@context\":\"https:\/\/schema.org\",\"@graph\":[{\"@type\":\"WebPage\",\"@id\":\"https:\/\/www.riberosat.es\/politica-de-cookies\/\",\"url\":\"https:\/\/www.riberosat.es\/politica-de-cookies\/\",\"name\":\"Pol\u00edtica de cookies - Ribero Productor Agr\u00edcola\",\"isPartOf\":{\"@id\":\"https:\/\/www.riberosat.es\/#website\"},\"datePublished\":\"2014-12-12T10:22:54+00:00\",\"dateModified\":\"2021-06-02T09:22:43+00:00\",\"breadcrumb\":{\"@id\":\"https:\/\/www.riberosat.es\/politica-de-cookies\/#breadcrumb\"},\"inLanguage\":\"es\",\"potentialAction\":[{\"@type\":\"ReadAction\",\"target\":[\"https:\/\/www.riberosat.es\/politica-de-cookies\/\"]}]},{\"@type\":\"BreadcrumbList\",\"@id\":\"https:\/\/www.riberosat.es\/politica-de-cookies\/#breadcrumb\",\"itemListElement\":[{\"@type\":\"ListItem\",\"position\":1,\"name\":\"Portada\",\"item\":\"https:\/\/www.riberosat.es\/\"},{\"@type\":\"ListItem\",\"position\":2,\"name\":\"Pol\u00edtica de cookies\"}]},{\"@type\":\"WebSite\",\"@id\":\"https:\/\/www.riberosat.es\/#website\",\"url\":\"https:\/\/www.riberosat.es\/\",\"name\":\"Ribero Productor Agr\u00edcola\",\"description\":\"Alimentaci\u00f3n para conejos y roedores\",\"publisher\":{\"@id\":\"https:\/\/www.riberosat.es\/#organization\"},\"potentialAction\":[{\"@type\":\"SearchAction\",\"target\":{\"@type\":\"EntryPoint\",\"urlTemplate\":\"https:\/\/www.riberosat.es\/?s={search_term_string}\"},\"query-input\":\"required name=search_term_string\"}],\"inLanguage\":\"es\"},{\"@type\":\"Organization\",\"@id\":\"https:\/\/www.riberosat.es\/#organization\",\"name\":\"Ribero SAT\",\"url\":\"https:\/\/www.riberosat.es\/\",\"logo\":{\"@type\":\"ImageObject\",\"inLanguage\":\"es\",\"@id\":\"https:\/\/www.riberosat.es\/#\/schema\/logo\/image\/\",\"url\":\"https:\/\/www.riberosat.es\/wp-content\/uploads\/2021\/05\/LOGO-RIBERO-PETIT.png\",\"contentUrl\":\"https:\/\/www.riberosat.es\/wp-content\/uploads\/2021\/05\/LOGO-RIBERO-PETIT.png\",\"width\":175,\"height\":161,\"caption\":\"Ribero SAT\"},\"image\":{\"@id\":\"https:\/\/www.riberosat.es\/#\/schema\/logo\/image\/\"},\"sameAs\":[\"https:\/\/www.facebook.com\/RIBEROPRODUCTORAGRICOLA\",\"https:\/\/twitter.com\/Ribero_SAT\",\"https:\/\/www.instagram.com\/riberosat\/\",\"https:\/\/www.tiktok.com\/@riberosat?lang=es\"]}]}<\/script>\n<!-- \/ Yoast SEO plugin. -->","yoast_head_json":{"title":"Pol\u00edtica de cookies - Ribero Productor Agr\u00edcola","robots":{"index":"index","follow":"follow","max-snippet":"max-snippet:-1","max-image-preview":"max-image-preview:large","max-video-preview":"max-video-preview:-1"},"canonical":"https:\/\/www.riberosat.es\/politica-de-cookies\/","og_locale":"es_ES","og_type":"article","og_title":"Pol\u00edtica de cookies - Ribero Productor Agr\u00edcola","og_url":"https:\/\/www.riberosat.es\/politica-de-cookies\/","og_site_name":"Ribero Productor Agr\u00edcola","article_publisher":"https:\/\/www.facebook.com\/RIBEROPRODUCTORAGRICOLA","article_modified_time":"2021-06-02T09:22:43+00:00","twitter_card":"summary_large_image","twitter_site":"@Ribero_SAT","twitter_misc":{"Tiempo de lectura":"4 minutos"},"schema":{"@context":"https:\/\/schema.org","@graph":[{"@type":"WebPage","@id":"https:\/\/www.riberosat.es\/politica-de-cookies\/","url":"https:\/\/www.riberosat.es\/politica-de-cookies\/","name":"Pol\u00edtica de cookies - Ribero Productor Agr\u00edcola","isPartOf":{"@id":"https:\/\/www.riberosat.es\/#website"},"datePublished":"2014-12-12T10:22:54+00:00","dateModified":"2021-06-02T09:22:43+00:00","breadcrumb":{"@id":"https:\/\/www.riberosat.es\/politica-de-cookies\/#breadcrumb"},"inLanguage":"es","potentialAction":[{"@type":"ReadAction","target":["https:\/\/www.riberosat.es\/politica-de-cookies\/"]}]},{"@type":"BreadcrumbList","@id":"https:\/\/www.riberosat.es\/politica-de-cookies\/#breadcrumb","itemListElement":[{"@type":"ListItem","position":1,"name":"Portada","item":"https:\/\/www.riberosat.es\/"},{"@type":"ListItem","position":2,"name":"Pol\u00edtica de cookies"}]},{"@type":"WebSite","@id":"https:\/\/www.riberosat.es\/#website","url":"https:\/\/www.riberosat.es\/","name":"Ribero Productor Agr\u00edcola","description":"Alimentaci\u00f3n para conejos y roedores","publisher":{"@id":"https:\/\/www.riberosat.es\/#organization"},"potentialAction":[{"@type":"SearchAction","target":{"@type":"EntryPoint","urlTemplate":"https:\/\/www.riberosat.es\/?s={search_term_string}"},"query-input":"required name=search_term_string"}],"inLanguage":"es"},{"@type":"Organization","@id":"https:\/\/www.riberosat.es\/#organization","name":"Ribero SAT","url":"https:\/\/www.riberosat.es\/","logo":{"@type":"ImageObject","inLanguage":"es","@id":"https:\/\/www.riberosat.es\/#\/schema\/logo\/image\/","url":"https:\/\/www.riberosat.es\/wp-content\/uploads\/2021\/05\/LOGO-RIBERO-PETIT.png","contentUrl":"https:\/\/www.riberosat.es\/wp-content\/uploads\/2021\/05\/LOGO-RIBERO-PETIT.png","width":175,"height":161,"caption":"Ribero SAT"},"image":{"@id":"https:\/\/www.riberosat.es\/#\/schema\/logo\/image\/"},"sameAs":["https:\/\/www.facebook.com\/RIBEROPRODUCTORAGRICOLA","https:\/\/twitter.com\/Ribero_SAT","https:\/\/www.instagram.com\/riberosat\/","https:\/\/www.tiktok.com\/@riberosat?lang=es"]}]}},"_links":{"self":[{"href":"https:\/\/www.riberosat.es\/pt-pt\/wp-json\/wp\/v2\/pages\/7579"}],"collection":[{"href":"https:\/\/www.riberosat.es\/pt-pt\/wp-json\/wp\/v2\/pages"}],"about":[{"href":"https:\/\/www.riberosat.es\/pt-pt\/wp-json\/wp\/v2\/types\/page"}],"author":[{"embeddable":true,"href":"https:\/\/www.riberosat.es\/pt-pt\/wp-json\/wp\/v2\/users\/1"}],"replies":[{"embeddable":true,"href":"https:\/\/www.riberosat.es\/pt-pt\/wp-json\/wp\/v2\/comments?post=7579"}],"version-history":[{"count":1,"href":"https:\/\/www.riberosat.es\/pt-pt\/wp-json\/wp\/v2\/pages\/7579\/revisions"}],"predecessor-version":[{"id":7580,"href":"https:\/\/www.riberosat.es\/pt-pt\/wp-json\/wp\/v2\/pages\/7579\/revisions\/7580"}],"wp:attachment":[{"href":"https:\/\/www.riberosat.es\/pt-pt\/wp-json\/wp\/v2\/media?parent=7579"}],"curies":[{"name":"wp","href":"https:\/\/api.w.org\/{rel}","templated":true}]}}