    {"id":7573,"date":"2014-12-12T10:22:54","date_gmt":"2014-12-12T10:22:54","guid":{"rendered":"https:\/\/www.riberosat.es\/politica-de-cookies\/"},"modified":"2021-06-02T09:07:47","modified_gmt":"2021-06-02T09:07:47","slug":"politique-de-cookies","status":"publish","type":"page","link":"https:\/\/www.riberosat.es\/fr\/politique-de-cookies\/","title":{"rendered":"Politique de cookies"},"content":{"rendered":"<div class=\"fusion-fullwidth fullwidth-box fusion-builder-row-1 fusion-flex-container nonhundred-percent-fullwidth non-hundred-percent-height-scrolling\" style=\"background-color: rgba(255,255,255,0);background-position: center center;background-repeat: no-repeat;border-width: 0px 0px 0px 0px;border-color:#e2e2e2;border-style:solid;\" ><div class=\"fusion-builder-row fusion-row fusion-flex-align-items-flex-start\" style=\"max-width:1248px;margin-left: calc(-4% \/ 2 );margin-right: calc(-4% \/ 2 );\"><div class=\"fusion-layout-column fusion_builder_column fusion-builder-column-0 fusion_builder_column_1_1 1_1 fusion-flex-column\"><div class=\"fusion-column-wrapper fusion-flex-justify-content-flex-start fusion-content-layout-column\" style=\"background-position:left top;background-repeat:no-repeat;-webkit-background-size:cover;-moz-background-size:cover;-o-background-size:cover;background-size:cover;padding: 0px 0px 0px 0px;\"><div class=\"fusion-text fusion-text-1\" style=\"transform:translate3d(0,0,0);\"><div class=\"fusion-builder-row fusion-row fusion-flex-align-items-flex-start\" style=\"max-width:1248px;margin-left: calc(-4% \/ 2 );margin-right: calc(-4% \/ 2 );\">\n<div class=\"fusion-layout-column fusion_builder_column fusion-builder-column-0 fusion_builder_column_1_1 1_1 fusion-flex-column\">\n<div class=\"fusion-column-wrapper fusion-flex-justify-content-flex-start fusion-content-layout-column\" style=\"background-position: left top; background-repeat: no-repeat; background-size: cover; padding: 0px; min-height: 0px;\">\n<div class=\"fusion-text fusion-text-1\" style=\"transform:translate3d(0,0,0);\">\n<p><strong><font style=\"vertical-align: inherit;\"><font style=\"vertical-align: inherit;\">UTILISATION DES COOKIES ET VOTRE CONSENTEMENT&nbsp;:<\/font><\/font><\/strong>&nbsp;<\/p>\n<p><font style=\"vertical-align: inherit;\"><font style=\"vertical-align: inherit;\">\u2022 RIBERO SAT peut collecter des informations sur les habitudes de recherche des internautes via des cookies ou des fichiers journaux. <\/font><font style=\"vertical-align: inherit;\">Les cookies ne seront pas utilis\u00e9s pour collecter des informations personnelles. <\/font><\/font><br \/><font style=\"vertical-align: inherit;\"><font style=\"vertical-align: inherit;\"><br \/>\n\u2022 Ils ne seront install\u00e9s que si l&#8217;Utilisateur reste et continue \u00e0 naviguer sur notre site Web, \u00e9tant entendu qu&#8217;il accepte leur utilisation et leur installation. <\/font><font style=\"vertical-align: inherit;\">Ci-dessous, nous fournissons des informations d\u00e9taill\u00e9es sur ce que sont les \u00abcookies\u00bb, le type utilis\u00e9 par ce site Web, comment vous pouvez les d\u00e9sactiver dans le navigateur et comment bloquer sp\u00e9cifiquement l&#8217;installation de cookies tiers.<\/font><\/font><br \/><font style=\"vertical-align: inherit;\"><font style=\"vertical-align: inherit;\"><br \/>\n\u2022 Les cookies sont de petits fichiers texte g\u00e9n\u00e9r\u00e9s par les pages Web que vous visitez, qui contiennent des donn\u00e9es de session qui peuvent \u00eatre utiles ult\u00e9rieurement sur la page Web. <\/font><font style=\"vertical-align: inherit;\">Les donn\u00e9es permettent au site Web de conserver vos informations entre les pages et d&#8217;analyser \u00e9galement la fa\u00e7on dont vous interagissez avec le site. <\/font><\/font><br \/><font style=\"vertical-align: inherit;\"><font style=\"vertical-align: inherit;\"><br \/>\n\u2022 Les cookies sont s\u00fbrs car ils ne peuvent stocker que les informations qui ont \u00e9t\u00e9 impl\u00e9ment\u00e9es par le navigateur, c&#8217;est-\u00e0-dire les informations que l&#8217;utilisateur a saisies dans le navigateur ou qui sont incluses dans la demande de la page. <\/font><font style=\"vertical-align: inherit;\">Ils ne peuvent pas ex\u00e9cuter de code et ne peuvent pas \u00eatre utilis\u00e9s pour acc\u00e9der \u00e0 votre ordinateur.<\/font><\/font><br \/><font style=\"vertical-align: inherit;\"><font style=\"vertical-align: inherit;\"><br \/>\n\u2022 Les cookies sont essentiels au fonctionnement d&#8217;Internet, car ils offrent d&#8217;innombrables avantages dans la fourniture de services interactifs, facilitant la navigation et la convivialit\u00e9 du Web. <\/font><font style=\"vertical-align: inherit;\">Les cookies ne peuvent pas endommager votre ordinateur et leur activation permet d&#8217;identifier et de r\u00e9soudre les erreurs. <\/font><\/font><br \/><font style=\"vertical-align: inherit;\"><font style=\"vertical-align: inherit;\"><br \/>\n\u2022 Ci-dessous, RIBERO SAT fournit plus d&#8217;informations afin que les diff\u00e9rents types de cookies pouvant \u00eatre utilis\u00e9s soient mieux compris :<\/font><\/font><\/p>\n<p><font style=\"vertical-align: inherit;\"><font style=\"vertical-align: inherit;\">&#8211; Cookies de session : ce sont des cookies temporaires qui restent dans le fichier cookie du navigateur jusqu&#8217;\u00e0 la sortie du site, donc aucun n&#8217;est enregistr\u00e9 sur le disque dur de l&#8217;utilisateur. <\/font><font style=\"vertical-align: inherit;\">Les informations obtenues via ces cookies sont utilis\u00e9es pour analyser les mod\u00e8les de trafic sur le Web. <\/font><font style=\"vertical-align: inherit;\">\u00c0 long terme, cela offre une meilleure exp\u00e9rience pour am\u00e9liorer le contenu et faciliter son utilisation. <\/font><font style=\"vertical-align: inherit;\">Ensuite, nous publions une liste des principaux cookies existants, en distinguant :<\/font><\/font><\/p>\n<p><font style=\"vertical-align: inherit;\"><font style=\"vertical-align: inherit;\">&#8211; Les cookies strictement n\u00e9cessaires, tels que ceux utilis\u00e9s pour une navigation correcte ou les cookies qui sont utilis\u00e9s pour garantir que le contenu du site Web est charg\u00e9 efficacement. <\/font><\/font><br \/><font style=\"vertical-align: inherit;\"><font style=\"vertical-align: inherit;\"><br \/>\n&#8211; Cookies tiers, tels que ceux utilis\u00e9s par les r\u00e9seaux sociaux, ou des compl\u00e9ments de contenus externes. <\/font><\/font><br \/><font style=\"vertical-align: inherit;\"><font style=\"vertical-align: inherit;\"><br \/>\n&#8211; Cookies analytiques \u00e0 des fins de maintenance p\u00e9riodique et, afin de garantir le meilleur service possible \u00e0 l&#8217;utilisateur, avec lesquels les sites Web collectent des donn\u00e9es statistiques sur l&#8217;activit\u00e9.<\/font><\/font><\/p>\n<p><font style=\"vertical-align: inherit;\"><font style=\"vertical-align: inherit;\">\u2022 Tous les navigateurs Internet vous permettent de limiter le comportement d&#8217;un cookie ou de d\u00e9sactiver les cookies dans les param\u00e8tres ou les options du navigateur. <\/font><font style=\"vertical-align: inherit;\">Les \u00e9tapes pour ce faire sont diff\u00e9rentes pour chaque navigateur, et vous pouvez trouver des instructions dans le menu d&#8217;aide de votre navigateur. <\/font><font style=\"vertical-align: inherit;\">De nombreux navigateurs vous permettent d&#8217;activer un mode priv\u00e9 gr\u00e2ce auquel les cookies sont toujours supprim\u00e9s apr\u00e8s la visite. <\/font><font style=\"vertical-align: inherit;\">Selon le navigateur, ce mode priv\u00e9 peut avoir des noms diff\u00e9rents. <\/font><font style=\"vertical-align: inherit;\">Vous trouverez ci-dessous une liste des navigateurs les plus courants avec un lien vers les param\u00e8tres des cookies et les diff\u00e9rents noms de ce \u00abmode priv\u00e9\u00bb : Internet Explorer 8 et sup\u00e9rieur ; <\/font><font style=\"vertical-align: inherit;\">InPrivate <\/font><\/font><br \/><font style=\"vertical-align: inherit;\"><font style=\"vertical-align: inherit;\"><br \/>\nhttp:\/\/windows.microsoft.com\/es-es\/windows-vista\/block-or-allow-cookies Safari 2 et sup\u00e9rieur ; <\/font><font style=\"vertical-align: inherit;\">Navigation priv\u00e9e<\/font><\/font><br \/><font style=\"vertical-align: inherit;\"><font style=\"vertical-align: inherit;\"><br \/>\nhttp:\/\/support.apple.com\/kb\/ht1677?viewlocale=es_en&amp;locale=es_en Opera 10.5 et sup\u00e9rieur&nbsp;; <\/font><font style=\"vertical-align: inherit;\">Navigation priv\u00e9e <\/font><\/font><br \/><font style=\"vertical-align: inherit;\"><font style=\"vertical-align: inherit;\"><br \/>\nhttp:\/\/help.opera.com\/Windows\/11.50\/es-ES\/cookies.html FireFox 3.5 et sup\u00e9rieur ; <\/font><font style=\"vertical-align: inherit;\">Navigation priv\u00e9e <\/font><\/font><br \/><font style=\"vertical-align: inherit;\"><font style=\"vertical-align: inherit;\"><br \/>\nhttp:\/\/support.mozilla.org\/es\/kb\/habilitar-y-deshabilitar-cookies-que-los-sitios-we Google Chrome 10 et sup\u00e9rieur ; <\/font><font style=\"vertical-align: inherit;\">Incognito <\/font><\/font><br \/><font style=\"vertical-align: inherit;\"><font style=\"vertical-align: inherit;\"><br \/>\nhttps:\/\/support.google.com\/chrome\/answer\/95647?hl=fr<\/font><\/font><\/p>\n<\/div>\n<\/div>\n<\/div>\n<style type=\"text\/css\">.fusion-body .fusion-builder-column-0{width:100% !important;margin-top : 0px;margin-bottom : 0px;}.fusion-builder-column-0 > .fusion-column-wrapper {padding-top : 0px !important;padding-right : 0px !important;margin-right : 1.92%;padding-bottom : 0px !important;padding-left : 0px !important;margin-left : 1.92%;}@media only screen and (max-width:1024px) {.fusion-body .fusion-builder-column-0{width:100% !important;}.fusion-builder-column-0 > .fusion-column-wrapper {margin-right : 1.92%;margin-left : 1.92%;}}@media only screen and (max-width:640px) {.fusion-body .fusion-builder-column-0{width:100% !important;}.fusion-builder-column-0 > .fusion-column-wrapper {margin-right : 1.92%;margin-left : 1.92%;}}<\/style>\n<\/div>\n<\/div><\/div><\/div><style type=\"text\/css\">.fusion-body .fusion-builder-column-0{width:100% !important;margin-top : 0px;margin-bottom : 0px;}.fusion-builder-column-0 > .fusion-column-wrapper {padding-top : 0px !important;padding-right : 0px !important;margin-right : 1.92%;padding-bottom : 0px !important;padding-left : 0px !important;margin-left : 1.92%;}@media only screen and (max-width:1024px) {.fusion-body .fusion-builder-column-0{width:100% !important;}.fusion-builder-column-0 > .fusion-column-wrapper {margin-right : 1.92%;margin-left : 1.92%;}}@media only screen and (max-width:640px) {.fusion-body .fusion-builder-column-0{width:100% !important;}.fusion-builder-column-0 > .fusion-column-wrapper {margin-right : 1.92%;margin-left : 1.92%;}}<\/style><\/div><style type=\"text\/css\">.fusion-body .fusion-flex-container.fusion-builder-row-1{ padding-top : 0px;margin-top : 0px;padding-right : 0px;padding-bottom : 0px;margin-bottom : 0px;padding-left : 0px;}<\/style><\/div>\n","protected":false},"excerpt":{"rendered":"","protected":false},"author":1,"featured_media":0,"parent":0,"menu_order":0,"comment_status":"closed","ping_status":"closed","template":"","meta":{"ngg_post_thumbnail":0,"footnotes":""},"yoast_head":"<!-- This site is optimized with the Yoast SEO plugin v20.7 - https:\/\/yoast.com\/wordpress\/plugins\/seo\/ -->\n<title>Politique de cookies - Ribero Productor Agr\u00edcola<\/title>\n<meta name=\"robots\" content=\"index, follow, max-snippet:-1, max-image-preview:large, max-video-preview:-1\" \/>\n<link rel=\"canonical\" href=\"https:\/\/www.riberosat.es\/politica-de-cookies\/\" \/>\n<meta property=\"og:locale\" content=\"es_ES\" \/>\n<meta property=\"og:type\" content=\"article\" \/>\n<meta property=\"og:title\" content=\"Politique de cookies - Ribero Productor Agr\u00edcola\" \/>\n<meta property=\"og:url\" content=\"https:\/\/www.riberosat.es\/politica-de-cookies\/\" \/>\n<meta property=\"og:site_name\" content=\"Ribero Productor Agr\u00edcola\" \/>\n<meta property=\"article:publisher\" content=\"https:\/\/www.facebook.com\/RIBEROPRODUCTORAGRICOLA\" \/>\n<meta property=\"article:modified_time\" content=\"2021-06-02T09:07:47+00:00\" \/>\n<meta name=\"twitter:card\" content=\"summary_large_image\" \/>\n<meta name=\"twitter:site\" content=\"@Ribero_SAT\" \/>\n<meta name=\"twitter:label1\" content=\"Tiempo de lectura\" \/>\n\t<meta name=\"twitter:data1\" content=\"4 minutos\" \/>\n<script type=\"application\/ld+json\" class=\"yoast-schema-graph\">{\"@context\":\"https:\/\/schema.org\",\"@graph\":[{\"@type\":\"WebPage\",\"@id\":\"https:\/\/www.riberosat.es\/politica-de-cookies\/\",\"url\":\"https:\/\/www.riberosat.es\/politica-de-cookies\/\",\"name\":\"Politique de cookies - Ribero Productor Agr\u00edcola\",\"isPartOf\":{\"@id\":\"https:\/\/www.riberosat.es\/#website\"},\"datePublished\":\"2014-12-12T10:22:54+00:00\",\"dateModified\":\"2021-06-02T09:07:47+00:00\",\"breadcrumb\":{\"@id\":\"https:\/\/www.riberosat.es\/politica-de-cookies\/#breadcrumb\"},\"inLanguage\":\"es\",\"potentialAction\":[{\"@type\":\"ReadAction\",\"target\":[\"https:\/\/www.riberosat.es\/politica-de-cookies\/\"]}]},{\"@type\":\"BreadcrumbList\",\"@id\":\"https:\/\/www.riberosat.es\/politica-de-cookies\/#breadcrumb\",\"itemListElement\":[{\"@type\":\"ListItem\",\"position\":1,\"name\":\"Portada\",\"item\":\"https:\/\/www.riberosat.es\/\"},{\"@type\":\"ListItem\",\"position\":2,\"name\":\"Politique de cookies\"}]},{\"@type\":\"WebSite\",\"@id\":\"https:\/\/www.riberosat.es\/#website\",\"url\":\"https:\/\/www.riberosat.es\/\",\"name\":\"Ribero Productor Agr\u00edcola\",\"description\":\"Alimentaci\u00f3n para conejos y roedores\",\"publisher\":{\"@id\":\"https:\/\/www.riberosat.es\/#organization\"},\"potentialAction\":[{\"@type\":\"SearchAction\",\"target\":{\"@type\":\"EntryPoint\",\"urlTemplate\":\"https:\/\/www.riberosat.es\/?s={search_term_string}\"},\"query-input\":\"required name=search_term_string\"}],\"inLanguage\":\"es\"},{\"@type\":\"Organization\",\"@id\":\"https:\/\/www.riberosat.es\/#organization\",\"name\":\"Ribero SAT\",\"url\":\"https:\/\/www.riberosat.es\/\",\"logo\":{\"@type\":\"ImageObject\",\"inLanguage\":\"es\",\"@id\":\"https:\/\/www.riberosat.es\/#\/schema\/logo\/image\/\",\"url\":\"https:\/\/www.riberosat.es\/wp-content\/uploads\/2021\/05\/LOGO-RIBERO-PETIT.png\",\"contentUrl\":\"https:\/\/www.riberosat.es\/wp-content\/uploads\/2021\/05\/LOGO-RIBERO-PETIT.png\",\"width\":175,\"height\":161,\"caption\":\"Ribero SAT\"},\"image\":{\"@id\":\"https:\/\/www.riberosat.es\/#\/schema\/logo\/image\/\"},\"sameAs\":[\"https:\/\/www.facebook.com\/RIBEROPRODUCTORAGRICOLA\",\"https:\/\/twitter.com\/Ribero_SAT\",\"https:\/\/www.instagram.com\/riberosat\/\",\"https:\/\/www.tiktok.com\/@riberosat?lang=es\"]}]}<\/script>\n<!-- \/ Yoast SEO plugin. -->","yoast_head_json":{"title":"Politique de cookies - Ribero Productor Agr\u00edcola","robots":{"index":"index","follow":"follow","max-snippet":"max-snippet:-1","max-image-preview":"max-image-preview:large","max-video-preview":"max-video-preview:-1"},"canonical":"https:\/\/www.riberosat.es\/politica-de-cookies\/","og_locale":"es_ES","og_type":"article","og_title":"Politique de cookies - Ribero Productor Agr\u00edcola","og_url":"https:\/\/www.riberosat.es\/politica-de-cookies\/","og_site_name":"Ribero Productor Agr\u00edcola","article_publisher":"https:\/\/www.facebook.com\/RIBEROPRODUCTORAGRICOLA","article_modified_time":"2021-06-02T09:07:47+00:00","twitter_card":"summary_large_image","twitter_site":"@Ribero_SAT","twitter_misc":{"Tiempo de lectura":"4 minutos"},"schema":{"@context":"https:\/\/schema.org","@graph":[{"@type":"WebPage","@id":"https:\/\/www.riberosat.es\/politica-de-cookies\/","url":"https:\/\/www.riberosat.es\/politica-de-cookies\/","name":"Politique de cookies - Ribero Productor Agr\u00edcola","isPartOf":{"@id":"https:\/\/www.riberosat.es\/#website"},"datePublished":"2014-12-12T10:22:54+00:00","dateModified":"2021-06-02T09:07:47+00:00","breadcrumb":{"@id":"https:\/\/www.riberosat.es\/politica-de-cookies\/#breadcrumb"},"inLanguage":"es","potentialAction":[{"@type":"ReadAction","target":["https:\/\/www.riberosat.es\/politica-de-cookies\/"]}]},{"@type":"BreadcrumbList","@id":"https:\/\/www.riberosat.es\/politica-de-cookies\/#breadcrumb","itemListElement":[{"@type":"ListItem","position":1,"name":"Portada","item":"https:\/\/www.riberosat.es\/"},{"@type":"ListItem","position":2,"name":"Politique de cookies"}]},{"@type":"WebSite","@id":"https:\/\/www.riberosat.es\/#website","url":"https:\/\/www.riberosat.es\/","name":"Ribero Productor Agr\u00edcola","description":"Alimentaci\u00f3n para conejos y roedores","publisher":{"@id":"https:\/\/www.riberosat.es\/#organization"},"potentialAction":[{"@type":"SearchAction","target":{"@type":"EntryPoint","urlTemplate":"https:\/\/www.riberosat.es\/?s={search_term_string}"},"query-input":"required name=search_term_string"}],"inLanguage":"es"},{"@type":"Organization","@id":"https:\/\/www.riberosat.es\/#organization","name":"Ribero SAT","url":"https:\/\/www.riberosat.es\/","logo":{"@type":"ImageObject","inLanguage":"es","@id":"https:\/\/www.riberosat.es\/#\/schema\/logo\/image\/","url":"https:\/\/www.riberosat.es\/wp-content\/uploads\/2021\/05\/LOGO-RIBERO-PETIT.png","contentUrl":"https:\/\/www.riberosat.es\/wp-content\/uploads\/2021\/05\/LOGO-RIBERO-PETIT.png","width":175,"height":161,"caption":"Ribero SAT"},"image":{"@id":"https:\/\/www.riberosat.es\/#\/schema\/logo\/image\/"},"sameAs":["https:\/\/www.facebook.com\/RIBEROPRODUCTORAGRICOLA","https:\/\/twitter.com\/Ribero_SAT","https:\/\/www.instagram.com\/riberosat\/","https:\/\/www.tiktok.com\/@riberosat?lang=es"]}]}},"_links":{"self":[{"href":"https:\/\/www.riberosat.es\/fr\/wp-json\/wp\/v2\/pages\/7573"}],"collection":[{"href":"https:\/\/www.riberosat.es\/fr\/wp-json\/wp\/v2\/pages"}],"about":[{"href":"https:\/\/www.riberosat.es\/fr\/wp-json\/wp\/v2\/types\/page"}],"author":[{"embeddable":true,"href":"https:\/\/www.riberosat.es\/fr\/wp-json\/wp\/v2\/users\/1"}],"replies":[{"embeddable":true,"href":"https:\/\/www.riberosat.es\/fr\/wp-json\/wp\/v2\/comments?post=7573"}],"version-history":[{"count":1,"href":"https:\/\/www.riberosat.es\/fr\/wp-json\/wp\/v2\/pages\/7573\/revisions"}],"predecessor-version":[{"id":7574,"href":"https:\/\/www.riberosat.es\/fr\/wp-json\/wp\/v2\/pages\/7573\/revisions\/7574"}],"wp:attachment":[{"href":"https:\/\/www.riberosat.es\/fr\/wp-json\/wp\/v2\/media?parent=7573"}],"curies":[{"name":"wp","href":"https:\/\/api.w.org\/{rel}","templated":true}]}}